{"id":63,"date":"2020-10-16T09:08:11","date_gmt":"2020-10-16T07:08:11","guid":{"rendered":"https:\/\/www.trenerskestaze.cz\/?page_id=63"},"modified":"2020-10-16T09:41:19","modified_gmt":"2020-10-16T07:41:19","slug":"kontakt","status":"publish","type":"page","link":"https:\/\/www.trenerskestaze.cz\/?page_id=63","title":{"rendered":"kontakt"},"content":{"rendered":"\n<div class=\"wp-block-image\"><figure class=\"aligncenter size-large is-resized\"><img loading=\"lazy\" src=\"https:\/\/www.trenerskestaze.cz\/wp-content\/uploads\/2020\/10\/CzechSportTravel-1024x301.jpg\" alt=\"\" class=\"wp-image-16\" width=\"204\" height=\"60\" srcset=\"https:\/\/www.trenerskestaze.cz\/wp-content\/uploads\/2020\/10\/CzechSportTravel-1024x301.jpg 1024w, https:\/\/www.trenerskestaze.cz\/wp-content\/uploads\/2020\/10\/CzechSportTravel-300x88.jpg 300w, https:\/\/www.trenerskestaze.cz\/wp-content\/uploads\/2020\/10\/CzechSportTravel-768x226.jpg 768w, https:\/\/www.trenerskestaze.cz\/wp-content\/uploads\/2020\/10\/CzechSportTravel.jpg 1181w\" sizes=\"(max-width: 204px) 100vw, 204px\" \/><\/figure><\/div>\n\n\n\n<p>Kancel\u00e1\u0159 Praha 3 &#8211; \u017di\u017ekov<\/p>\n\n\n\n<p>V Zahr\u00e1dk\u00e1ch 2756\/5<br>130 00, Praha 3<br>Otev\u0159eno PO &#8211; P\u00c1: 9:00 &#8211; 17:00 hod.<\/p>\n\n\n\n<h4>S\u00eddlo spole\u010dnosti<\/h4>\n\n\n\n<p>CZECH SPORT TRAVEL s.r.o.<br>Na Terase 145\/5<br>182 00 Praha 8 \u2013 \u010e\u00e1blice<br>I\u010c 24311197<br>DI\u010c CZ24311197<\/p>\n","protected":false},"excerpt":{"rendered":"<p>Kancel\u00e1\u0159 Praha 3 &#8211; \u017di\u017ekov V Zahr\u00e1dk\u00e1ch 2756\/5130 00, Praha 3Otev\u0159eno PO &#8211; P\u00c1: 9:00 &#8211; 17:00 hod. S\u00eddlo spole\u010dnosti CZECH SPORT TRAVEL s.r.o.Na Terase 145\/5182 00 Praha 8 \u2013 \u010e\u00e1bliceI\u010c 24311197DI\u010c CZ24311197<\/p>\n","protected":false},"author":1,"featured_media":0,"parent":0,"menu_order":0,"comment_status":"closed","ping_status":"closed","template":"","meta":[],"_links":{"self":[{"href":"https:\/\/www.trenerskestaze.cz\/index.php?rest_route=\/wp\/v2\/pages\/63"}],"collection":[{"href":"https:\/\/www.trenerskestaze.cz\/index.php?rest_route=\/wp\/v2\/pages"}],"about":[{"href":"https:\/\/www.trenerskestaze.cz\/index.php?rest_route=\/wp\/v2\/types\/page"}],"author":[{"embeddable":true,"href":"https:\/\/www.trenerskestaze.cz\/index.php?rest_route=\/wp\/v2\/users\/1"}],"replies":[{"embeddable":true,"href":"https:\/\/www.trenerskestaze.cz\/index.php?rest_route=%2Fwp%2Fv2%2Fcomments&post=63"}],"version-history":[{"count":5,"href":"https:\/\/www.trenerskestaze.cz\/index.php?rest_route=\/wp\/v2\/pages\/63\/revisions"}],"predecessor-version":[{"id":87,"href":"https:\/\/www.trenerskestaze.cz\/index.php?rest_route=\/wp\/v2\/pages\/63\/revisions\/87"}],"wp:attachment":[{"href":"https:\/\/www.trenerskestaze.cz\/index.php?rest_route=%2Fwp%2Fv2%2Fmedia&parent=63"}],"curies":[{"name":"wp","href":"https:\/\/api.w.org\/{rel}","templated":true}]}}