{"id":62,"date":"2020-10-16T09:08:11","date_gmt":"2020-10-16T07:08:11","guid":{"rendered":"https:\/\/www.trenerskestaze.cz\/?page_id=62"},"modified":"2020-10-16T10:07:06","modified_gmt":"2020-10-16T08:07:06","slug":"o-nas","status":"publish","type":"page","link":"https:\/\/www.trenerskestaze.cz\/?page_id=62","title":{"rendered":"O n\u00e1s"},"content":{"rendered":"\n<p><strong>V\u00e1\u017een\u00ed&nbsp; p\u0159\u00e1tel\u00e9<\/strong>,<\/p>\n\n\n\n<p>cestovn\u00ed kancel\u00e1\u0159&nbsp;<strong>CZECH SPORT TRAVEL<\/strong>&nbsp;s.r.o.&nbsp;vznikla transformac\u00ed&nbsp;<strong>CK SPORTEVENTS<\/strong>, je\u017e dlouhodob\u011b p\u016fsobila&nbsp;v&nbsp;oblasti sportovn\u00edch z\u00e1jezd\u016f.<\/p>\n\n\n\n<p><strong>CZECH&nbsp;SPORT&nbsp;TRAVEL&nbsp;<\/strong>se&nbsp;specializuje na v\u0161echny typy&nbsp;sportovn\u00edch z\u00e1jezd\u016f, kter\u00e9 mohou b\u00fdt individu\u00e1ln\u011b p\u0159izp\u016fsobeny po\u017eadavk\u016fm ka\u017ed\u00e9ho klienta. V nab\u00eddce naleznete z\u00e1jezdy a vstupenky&nbsp;na Fotbal, Hokej, Tenis, Formule 1, Moto GP, Dostihy, Box&nbsp;a dal\u0161\u00ed sportovn\u00ed ud\u00e1losti. D\u00edky partnersk\u00fdm&nbsp;smlouv\u00e1m s&nbsp;v\u00fdznamn\u00fdmi tour oper\u00e1tory,&nbsp;sportovn\u00edmi kluby a federacemi m\u016f\u017ee CK&nbsp;garantovat kvalitn\u00ed slu\u017eby ve v\u0161ech nab\u00edzen\u00fdch slu\u017eb\u00e1ch.<\/p>\n\n\n\n<p>Cestovn\u00ed kancel\u00e1\u0159&nbsp;<strong>CZECH SPORT TRAVEL<\/strong>&nbsp;nab\u00edz\u00ed rovn\u011b\u017e z\u00e1jezdy pro firmy a spole\u010dnosti, kter\u00e9 cht\u011bj\u00ed formou sportovn\u00edch z\u00e1jezd\u016f zkvalitnit obchodn\u00ed vztahy se sv\u00fdmi partnery, p\u0159\u00edpadn\u011b ocenit sv\u00e9 zam\u011bstnance t\u00edmto zaj\u00edmav\u00fdm, atraktivn\u00edm zp\u016fsobem. Na\u0161e spole\u010dnost je schopn\u00e1 koncipovat pro tyto klienty z\u00e1jezdy p\u0159\u00edmo na m\u00edru, co\u017e se m\u016f\u017ee t\u00fdkat i z\u00e1jezd\u016f do spot\u0159ebitelsk\u00fdch sout\u011b\u017e\u00ed.<\/p>\n\n\n\n<p><strong>CZECH SPORT TRAVEL<\/strong>&nbsp;vytvo\u0159il kolekci d\u00e1rkov\u00fdch poukaz\u016f&nbsp; pro va\u0161e rodinn\u00e9 p\u0159\u00edslu\u0161n\u00edky a p\u0159\u00e1tele, kter\u00e9 mohou b\u00fdt vd\u011b\u010dn\u00fdm d\u00e1rkem k&nbsp;\u017eivotn\u00edm jubile\u00edm a dal\u0161\u00edm v\u00fdznamn\u00fdm ud\u00e1lostem.<br><br>V roce 2015 z\u00edskala cestovn\u00ed kancel\u00e1\u0159 certifik\u00e1t \u010cesk\u00e9ho syst\u00e9mu kvality slu\u017eeb.&nbsp;<\/p>\n\n\n\n<p>T\u011b\u0161\u00edme se na Va\u0161i n\u00e1v\u0161t\u011bvu v&nbsp;prodejn\u00edm centru v&nbsp;Praze nebo v&nbsp;s\u00edti partnersk\u00fdch cestovn\u00edch agentur v&nbsp;\u010cech\u00e1ch i na Slovensku, kter\u00e9 prod\u00e1vaj\u00ed na\u0161e z\u00e1jezdy za sportem.<\/p>\n\n\n\n<p>S&nbsp;p\u0159\u00e1n\u00edm p\u0159\u00edjemn\u00fdch sportovn\u00edch z\u00e1\u017eitk\u016f<\/p>\n\n\n\n<p>&nbsp;&nbsp;&nbsp;&nbsp;&nbsp;&nbsp;&nbsp;&nbsp;&nbsp;&nbsp;&nbsp;&nbsp;&nbsp;&nbsp;&nbsp;&nbsp;&nbsp;&nbsp;&nbsp; kolektiv&nbsp;&nbsp;<strong>CZECH SPORT TRAVEL<\/strong><\/p>\n\n\n\n<p><\/p>\n\n\n\n<p class=\"has-text-align-center\"><a href=\"https:\/\/www.czechsporttravel.cz\/\" target=\"_blank\" rel=\"noreferrer noopener\">https:\/\/www.czechsporttravel.cz\/<\/a><\/p>\n","protected":false},"excerpt":{"rendered":"<p>V\u00e1\u017een\u00ed&nbsp; p\u0159\u00e1tel\u00e9, cestovn\u00ed kancel\u00e1\u0159&nbsp;CZECH SPORT TRAVEL&nbsp;s.r.o.&nbsp;vznikla transformac\u00ed&nbsp;CK SPORTEVENTS, je\u017e dlouhodob\u011b p\u016fsobila&nbsp;v&nbsp;oblasti sportovn\u00edch z\u00e1jezd\u016f. CZECH&nbsp;SPORT&nbsp;TRAVEL&nbsp;se&nbsp;specializuje na v\u0161echny typy&nbsp;sportovn\u00edch z\u00e1jezd\u016f, kter\u00e9 mohou b\u00fdt individu\u00e1ln\u011b p\u0159izp\u016fsobeny po\u017eadavk\u016fm ka\u017ed\u00e9ho klienta. V nab\u00eddce naleznete z\u00e1jezdy a vstupenky&nbsp;na Fotbal, Hokej, Tenis, Formule 1, Moto GP, Dostihy, Box&nbsp;a dal\u0161\u00ed sportovn\u00ed ud\u00e1losti. D\u00edky partnersk\u00fdm&nbsp;smlouv\u00e1m s&nbsp;v\u00fdznamn\u00fdmi tour oper\u00e1tory,&nbsp;sportovn\u00edmi kluby a federacemi m\u016f\u017ee CK&nbsp;garantovat kvalitn\u00ed &hellip; <\/p>\n<p class=\"link-more\"><a href=\"https:\/\/www.trenerskestaze.cz\/?page_id=62\" class=\"more-link\">Read More<span class=\"screen-reader-text\"> &#8222;O n\u00e1s&#8220;<\/span><\/a><\/p>\n","protected":false},"author":1,"featured_media":0,"parent":0,"menu_order":0,"comment_status":"closed","ping_status":"closed","template":"","meta":[],"_links":{"self":[{"href":"https:\/\/www.trenerskestaze.cz\/index.php?rest_route=\/wp\/v2\/pages\/62"}],"collection":[{"href":"https:\/\/www.trenerskestaze.cz\/index.php?rest_route=\/wp\/v2\/pages"}],"about":[{"href":"https:\/\/www.trenerskestaze.cz\/index.php?rest_route=\/wp\/v2\/types\/page"}],"author":[{"embeddable":true,"href":"https:\/\/www.trenerskestaze.cz\/index.php?rest_route=\/wp\/v2\/users\/1"}],"replies":[{"embeddable":true,"href":"https:\/\/www.trenerskestaze.cz\/index.php?rest_route=%2Fwp%2Fv2%2Fcomments&post=62"}],"version-history":[{"count":5,"href":"https:\/\/www.trenerskestaze.cz\/index.php?rest_route=\/wp\/v2\/pages\/62\/revisions"}],"predecessor-version":[{"id":102,"href":"https:\/\/www.trenerskestaze.cz\/index.php?rest_route=\/wp\/v2\/pages\/62\/revisions\/102"}],"wp:attachment":[{"href":"https:\/\/www.trenerskestaze.cz\/index.php?rest_route=%2Fwp%2Fv2%2Fmedia&parent=62"}],"curies":[{"name":"wp","href":"https:\/\/api.w.org\/{rel}","templated":true}]}}