{"id":55,"date":"2020-10-16T09:06:25","date_gmt":"2020-10-16T07:06:25","guid":{"rendered":"https:\/\/www.trenerskestaze.cz\/?page_id=55"},"modified":"2020-11-05T12:34:41","modified_gmt":"2020-11-05T11:34:41","slug":"spvgg-greuther-furth","status":"publish","type":"page","link":"https:\/\/www.trenerskestaze.cz\/?page_id=55","title":{"rendered":"SpVgg Greuther F\u00fcrth"},"content":{"rendered":"\n<div class=\"wp-block-image\"><figure class=\"alignleft size-large is-resized\"><img src=\"https:\/\/upload.wikimedia.org\/wikipedia\/de\/thumb\/6\/6d\/SpVgg_Greuther_F%C3%BCrth_logo.svg\/2000px-SpVgg_Greuther_F%C3%BCrth_logo.svg.png\" alt=\"\" width=\"150\"\/><\/figure><\/div>\n\n\n\n<p><strong>SpVgg Greuther F\u00fcrth<\/strong>&nbsp;(Spielvereinigung Greuther F\u00fcrth e. V.) je n\u011bmeck\u00fd sportovn\u00ed klub s\u00eddl\u00edc\u00ed v Bavorsku ve m\u011bst\u011b F\u00fcrth. Byl zalo\u017een 23.9.1903&nbsp;pod n\u00e1zvem&nbsp;<strong>SpVgg F\u00fcrth<\/strong>. Sou\u010dasn\u00fd n\u00e1zev nese klub od roku 1996. Posledn\u00ed sezonou, kterou str\u00e1vil v nejvy\u0161\u0161\u00ed n\u011bmeck\u00e9 sout\u011b\u017ei &#8211; Bundeslize &#8211; byla sezona 2012\/2013. Od t\u00e9 doby p\u016fsob\u00ed ve druh\u00e9 n\u011bmeck\u00e9 nejvy\u0161\u0161\u00ed fotbalov\u00e9 sout\u011b\u017ei.<\/p>\n\n\n\n<p>Krom\u011b mu\u017esk\u00e9ho fotbalov\u00e9ho odd\u00edlu m\u00e1 sportovn\u00ed klub i jin\u00e9 odd\u00edly (pozemn\u00ed hokej, atletika, plav\u00e1n\u00ed, stoln\u00ed tenis, gymnastika, volejbal). <\/p>\n\n\n\n<p>Z \u010desk\u00e9ho pohledu zanechal ve F\u00fcrthu nejv\u011bt\u0161\u00ed stopu \u00fato\u010dn\u00edk Petr Ruman. Nastoupil k 169 utk\u00e1n\u00edm, ve kter\u00fdch vst\u0159elil 38 branek.<\/p>\n\n\n\n<p>Stadion: <strong>Sportpark Ronhof Thomas Sommer<\/strong> s kapacitou 18 000 div\u00e1k\u016f.<\/p>\n\n\n\n<p>P\u0159ezd\u00edvka: Kleebl\u00e4tter<\/p>\n\n\n\n<h2>AKADEMIE GREUTHER F\u00dcRTH<\/h2>\n\n\n\n<p><strong>N\u00e1zev akademie:<\/strong> Kleeblatt Akademie<\/p>\n\n\n\n<p><strong>Rozloha:<\/strong> 31 000 metr\u016f \u010dtvere\u010dn\u00edch<\/p>\n\n\n\n<p><strong>Otev\u0159en\u00ed v roce (cena):<\/strong><\/p>\n\n\n\n<p><strong>Po\u010det h\u0159i\u0161\u0165:<\/strong> 3 standardn\u00ed (2 travnat\u00e9 a 1 s um\u011blou tr\u00e1vou), 4 men\u0161\u00ed (3 travnat\u00e9 a 1 s um\u011blou tr\u00e1vou)<\/p>\n\n\n\n<p><strong>Dal\u0161\u00ed z\u00e1zem\u00ed:<\/strong> nohejbalov\u00fd kurt, 100m b\u011b\u017eeck\u00e1 dr\u00e1ha, h\u0159i\u0161t\u011b na pl\u00e1\u017eov\u00fd volejbal, basketbalov\u00e9 h\u0159i\u0161t\u011b, fotbalov\u00e1 hala, sportovn\u00ed hala, intern\u00e1tn\u00ed \u0161kola<\/p>\n\n\n\n<p><strong>Z\u00e1zem\u00ed v budov\u011b:<\/strong> ubytov\u00e1n\u00ed pro studenty, fyzioterapie, posilovna, \u0161kol\u00edc\u00ed m\u00edstnosti, atletick\u00e9 prostory<\/p>\n\n\n\n<p><strong>V\u00fdznamn\u00ed odchovanci:<\/strong> Felix Klaus, Johannes Geis, Heiko Westermann<\/p>\n","protected":false},"excerpt":{"rendered":"<p>SpVgg Greuther F\u00fcrth&nbsp;(Spielvereinigung Greuther F\u00fcrth e. V.) je n\u011bmeck\u00fd sportovn\u00ed klub s\u00eddl\u00edc\u00ed v Bavorsku ve m\u011bst\u011b F\u00fcrth. Byl zalo\u017een 23.9.1903&nbsp;pod n\u00e1zvem&nbsp;SpVgg F\u00fcrth. Sou\u010dasn\u00fd n\u00e1zev nese klub od roku 1996. Posledn\u00ed sezonou, kterou str\u00e1vil v nejvy\u0161\u0161\u00ed n\u011bmeck\u00e9 sout\u011b\u017ei &#8211; Bundeslize &#8211; byla sezona 2012\/2013. Od t\u00e9 doby p\u016fsob\u00ed ve druh\u00e9 n\u011bmeck\u00e9 nejvy\u0161\u0161\u00ed fotbalov\u00e9 sout\u011b\u017ei. Krom\u011b mu\u017esk\u00e9ho &hellip; <\/p>\n<p class=\"link-more\"><a href=\"https:\/\/www.trenerskestaze.cz\/?page_id=55\" class=\"more-link\">Read More<span class=\"screen-reader-text\"> &#8222;SpVgg Greuther F\u00fcrth&#8220;<\/span><\/a><\/p>\n","protected":false},"author":1,"featured_media":0,"parent":0,"menu_order":0,"comment_status":"closed","ping_status":"closed","template":"","meta":[],"_links":{"self":[{"href":"https:\/\/www.trenerskestaze.cz\/index.php?rest_route=\/wp\/v2\/pages\/55"}],"collection":[{"href":"https:\/\/www.trenerskestaze.cz\/index.php?rest_route=\/wp\/v2\/pages"}],"about":[{"href":"https:\/\/www.trenerskestaze.cz\/index.php?rest_route=\/wp\/v2\/types\/page"}],"author":[{"embeddable":true,"href":"https:\/\/www.trenerskestaze.cz\/index.php?rest_route=\/wp\/v2\/users\/1"}],"replies":[{"embeddable":true,"href":"https:\/\/www.trenerskestaze.cz\/index.php?rest_route=%2Fwp%2Fv2%2Fcomments&post=55"}],"version-history":[{"count":19,"href":"https:\/\/www.trenerskestaze.cz\/index.php?rest_route=\/wp\/v2\/pages\/55\/revisions"}],"predecessor-version":[{"id":217,"href":"https:\/\/www.trenerskestaze.cz\/index.php?rest_route=\/wp\/v2\/pages\/55\/revisions\/217"}],"wp:attachment":[{"href":"https:\/\/www.trenerskestaze.cz\/index.php?rest_route=%2Fwp%2Fv2%2Fmedia&parent=55"}],"curies":[{"name":"wp","href":"https:\/\/api.w.org\/{rel}","templated":true}]}}