{"id":54,"date":"2020-10-16T09:06:25","date_gmt":"2020-10-16T07:06:25","guid":{"rendered":"https:\/\/www.trenerskestaze.cz\/?page_id=54"},"modified":"2020-10-19T14:55:18","modified_gmt":"2020-10-19T12:55:18","slug":"atalanta-bergamo","status":"publish","type":"page","link":"https:\/\/www.trenerskestaze.cz\/?page_id=54","title":{"rendered":"Atalanta Bergamo"},"content":{"rendered":"\n<div class=\"wp-block-image is-style-default\"><figure class=\"alignleft size-large is-resized\"><img loading=\"lazy\" src=\"https:\/\/upload.wikimedia.org\/wikipedia\/en\/thumb\/6\/66\/AtalantaBC.svg\/1200px-AtalantaBC.svg.png\" alt=\"\" width=\"150\" height=\"235\"\/><\/figure><\/div>\n\n\n\n<p><strong>Atalanta Bergamasca Calcio<\/strong>\u00a0je italsk\u00fd fotbalov\u00fd klub s\u00eddl\u00edc\u00ed v Bergamu v Lombardii. Klub byl zalo\u017een\u00a0<strong>17. \u0159\u00edjna 1907<\/strong>. O 13 let pozd\u011bji se klub slou\u010d\u00ed s Societ\u00e0 Bergamasca di Ginnastica e Scherma (odd\u00edl gymnastiky a \u0161ermu) a vznikne sou\u010dasn\u00fd n\u00e1zev Atalanta Bergamasca Calcio. Do nejvy\u0161\u0161\u00ed italsk\u00e9 sout\u011b\u017ee se Atalanta dostane poprv\u00e9 v sezon\u011b 1928\/1929. Od t\u00e9 doby klub v n\u011bkolikalet\u00fdch bloc\u00edch pendloval mezi prvn\u00ed a druhou ligou. Nejv\u011bt\u0161\u00edm \u00fasp\u011bchem klubu bylo\u00a0<strong>v\u00edt\u011bzstv\u00ed v italsk\u00e9m poh\u00e1ru v roce 1963<\/strong>, d\u00e1le pak semifin\u00e1le PVP v roce 1988. V sezon\u011b 1995\/1996 vyst\u0159\u00edlel\u00a0<strong>Filippo Inzaghi<\/strong>\u00a0z\u00e1chranu v nejvy\u0161\u0161\u00ed sout\u011b\u017ei. V posledn\u00edch 5 letech se pak Atalanta pravideln\u011b \u00fato\u010d\u00ed na p\u0159\u00ed\u010dky zaru\u010duj\u00edc\u00ed \u00fa\u010dast v poh\u00e1rov\u00e9 Evrop\u011b a nav\u00edc se prezentuje velmi l\u00edbiv\u00fdm \u00fato\u010dn\u00fdm fotbalem. Sez\u00f3na 2019\/20 p\u0159inesla zlomen\u00ed n\u011bkolika rekord\u016f. V \u010dervenci Atalanta poko\u0159ila rekord z roku 1952, kdy\u017e se rovnou t\u0159i jej\u00ed hr\u00e1\u010di (<strong>Josip Ili\u010di\u0107, Duv\u00e1n Zapata a Luis Muriel<\/strong>) dostali na hranici\u00a0<strong>15 a v\u00edce vst\u0159elen\u00fdch branek<\/strong>. Dal\u0161\u00edm rekordem se stala \u0159ada 11 venkovn\u00edch v\u00fdher za sebou v jedn\u00e9 sez\u00f3n\u011b. Sv\u00e1 dom\u00e1c\u00ed utk\u00e1n\u00ed hraje Atalanta na stadionu <strong>Stadio Atleti Azzuri d&#8217;Italia<\/strong>, v sou\u010dasnosti v\u011bt\u0161inou ozna\u010dovan\u00fd ze sponzorsk\u00fdch d\u016fvod\u016f jako <strong>Gewiss Stadium<\/strong> s kapacitou 21 300 div\u00e1k\u016f.<\/p>\n","protected":false},"excerpt":{"rendered":"<p>Atalanta Bergamasca Calcio\u00a0je italsk\u00fd fotbalov\u00fd klub s\u00eddl\u00edc\u00ed v Bergamu v Lombardii. Klub byl zalo\u017een\u00a017. \u0159\u00edjna 1907. O 13 let pozd\u011bji se klub slou\u010d\u00ed s Societ\u00e0 Bergamasca di Ginnastica e Scherma (odd\u00edl gymnastiky a \u0161ermu) a vznikne sou\u010dasn\u00fd n\u00e1zev Atalanta Bergamasca Calcio. Do nejvy\u0161\u0161\u00ed italsk\u00e9 sout\u011b\u017ee se Atalanta dostane poprv\u00e9 v sezon\u011b 1928\/1929. Od t\u00e9 doby &hellip; <\/p>\n<p class=\"link-more\"><a href=\"https:\/\/www.trenerskestaze.cz\/?page_id=54\" class=\"more-link\">Read More<span class=\"screen-reader-text\"> &#8222;Atalanta Bergamo&#8220;<\/span><\/a><\/p>\n","protected":false},"author":1,"featured_media":0,"parent":0,"menu_order":0,"comment_status":"closed","ping_status":"closed","template":"","meta":[],"_links":{"self":[{"href":"https:\/\/www.trenerskestaze.cz\/index.php?rest_route=\/wp\/v2\/pages\/54"}],"collection":[{"href":"https:\/\/www.trenerskestaze.cz\/index.php?rest_route=\/wp\/v2\/pages"}],"about":[{"href":"https:\/\/www.trenerskestaze.cz\/index.php?rest_route=\/wp\/v2\/types\/page"}],"author":[{"embeddable":true,"href":"https:\/\/www.trenerskestaze.cz\/index.php?rest_route=\/wp\/v2\/users\/1"}],"replies":[{"embeddable":true,"href":"https:\/\/www.trenerskestaze.cz\/index.php?rest_route=%2Fwp%2Fv2%2Fcomments&post=54"}],"version-history":[{"count":6,"href":"https:\/\/www.trenerskestaze.cz\/index.php?rest_route=\/wp\/v2\/pages\/54\/revisions"}],"predecessor-version":[{"id":216,"href":"https:\/\/www.trenerskestaze.cz\/index.php?rest_route=\/wp\/v2\/pages\/54\/revisions\/216"}],"wp:attachment":[{"href":"https:\/\/www.trenerskestaze.cz\/index.php?rest_route=%2Fwp%2Fv2%2Fmedia&parent=54"}],"curies":[{"name":"wp","href":"https:\/\/api.w.org\/{rel}","templated":true}]}}