{"id":52,"date":"2020-10-16T09:06:25","date_gmt":"2020-10-16T07:06:25","guid":{"rendered":"https:\/\/www.trenerskestaze.cz\/?page_id=52"},"modified":"2020-10-19T10:24:29","modified_gmt":"2020-10-19T08:24:29","slug":"dynamo-drazdany","status":"publish","type":"page","link":"https:\/\/www.trenerskestaze.cz\/?page_id=52","title":{"rendered":"Dynamo Dr\u00e1\u017e\u010fany"},"content":{"rendered":"\n<div class=\"wp-block-image\"><figure class=\"alignleft size-large is-resized\"><img src=\"https:\/\/upload.wikimedia.org\/wikipedia\/commons\/b\/b9\/Historical_Logo_SG_Dynamo_Dresden_%281968-90%29.png\" alt=\"\" width=\"150\"\/><\/figure><\/div>\n\n\n\n<p><strong>SG Dynamo Dresde<\/strong>n (Sportgemeinschaft Dynamo Dresden) je n\u011bmeck\u00fd fotbalov\u00fd klub s\u00eddl\u00edc\u00ed v nedalek\u00fdch Dr\u00e1\u017e\u010fanech. Byl zalo\u017een v roce 1950 (SG Volkspolizei Dresden) z trosek zru\u0161en\u00e9ho klubu SG Dresden-Friedrichstadt. Ofici\u00e1ln\u00edm rokem zalo\u017een\u00ed je ov\u0161em pova\u017eov\u00e1n rok 1953, kdy klub obdr\u017eel sv\u00e9 sou\u010dasn\u00e9 jm\u00e9no Dynamo. Dynamo bylo a\u017e do znovusjednocen\u00ed N\u011bmecka spojov\u00e1n s v\u00fdchodon\u011bmeckou polici\u00ed. Od sez\u00f3ny 2016\/17 do 2019\/20 p\u016fsobil ve <strong>2.Bundeslize<\/strong>. Nej\u00fasp\u011b\u0161n\u011bj\u0161\u00edm obdob\u00edm klub bylo mezi lety 1953 &#8211; 1990, kdy 8x vyhr\u00e1l v\u00fdchodon\u011bmeckou Oberligu, 7x  FDGB-Pokal a v roce 1989 se dostal do <strong>semifin\u00e1le Poh\u00e1ru UEFA<\/strong>. Od t\u00e9 doby se pohybuje mezi druhou a t\u0159et\u00ed n\u011bmeckou bundesligou.<\/p>\n\n\n\n<p>Sv\u00e9 dom\u00e1c\u00ed z\u00e1pasy odehr\u00e1v\u00e1 na stadionu <strong>DDV-Stadion s kapacitou 32 066 div\u00e1k\u016f.<\/strong><\/p>\n\n\n\n<p><strong>\u010ce\u0161t\u00ed fotbalist\u00e9 v dresu Dynama<\/strong>: Pavel Pergl, Ivo Ulich, Tom\u00e1\u0161 Votava, Pavel David, Marek Penksa, Pavel Dobr\u00fd, Pavel Fo\u0159t, Filip Trojan, Josef Hu\u0161bauer a Ond\u0159ej Petr\u00e1k.<\/p>\n","protected":false},"excerpt":{"rendered":"<p>SG Dynamo Dresden (Sportgemeinschaft Dynamo Dresden) je n\u011bmeck\u00fd fotbalov\u00fd klub s\u00eddl\u00edc\u00ed v nedalek\u00fdch Dr\u00e1\u017e\u010fanech. Byl zalo\u017een v roce 1950 (SG Volkspolizei Dresden) z trosek zru\u0161en\u00e9ho klubu SG Dresden-Friedrichstadt. Ofici\u00e1ln\u00edm rokem zalo\u017een\u00ed je ov\u0161em pova\u017eov\u00e1n rok 1953, kdy klub obdr\u017eel sv\u00e9 sou\u010dasn\u00e9 jm\u00e9no Dynamo. Dynamo bylo a\u017e do znovusjednocen\u00ed N\u011bmecka spojov\u00e1n s v\u00fdchodon\u011bmeckou polici\u00ed. Od sez\u00f3ny &hellip; <\/p>\n<p class=\"link-more\"><a href=\"https:\/\/www.trenerskestaze.cz\/?page_id=52\" class=\"more-link\">Read More<span class=\"screen-reader-text\"> &#8222;Dynamo Dr\u00e1\u017e\u010fany&#8220;<\/span><\/a><\/p>\n","protected":false},"author":1,"featured_media":0,"parent":0,"menu_order":0,"comment_status":"closed","ping_status":"closed","template":"","meta":[],"_links":{"self":[{"href":"https:\/\/www.trenerskestaze.cz\/index.php?rest_route=\/wp\/v2\/pages\/52"}],"collection":[{"href":"https:\/\/www.trenerskestaze.cz\/index.php?rest_route=\/wp\/v2\/pages"}],"about":[{"href":"https:\/\/www.trenerskestaze.cz\/index.php?rest_route=\/wp\/v2\/types\/page"}],"author":[{"embeddable":true,"href":"https:\/\/www.trenerskestaze.cz\/index.php?rest_route=\/wp\/v2\/users\/1"}],"replies":[{"embeddable":true,"href":"https:\/\/www.trenerskestaze.cz\/index.php?rest_route=%2Fwp%2Fv2%2Fcomments&post=52"}],"version-history":[{"count":4,"href":"https:\/\/www.trenerskestaze.cz\/index.php?rest_route=\/wp\/v2\/pages\/52\/revisions"}],"predecessor-version":[{"id":190,"href":"https:\/\/www.trenerskestaze.cz\/index.php?rest_route=\/wp\/v2\/pages\/52\/revisions\/190"}],"wp:attachment":[{"href":"https:\/\/www.trenerskestaze.cz\/index.php?rest_route=%2Fwp%2Fv2%2Fmedia&parent=52"}],"curies":[{"name":"wp","href":"https:\/\/api.w.org\/{rel}","templated":true}]}}