{"id":49,"date":"2020-10-16T09:04:22","date_gmt":"2020-10-16T07:04:22","guid":{"rendered":"https:\/\/www.trenerskestaze.cz\/?page_id=49"},"modified":"2020-10-19T13:18:51","modified_gmt":"2020-10-19T11:18:51","slug":"rb-lipsko","status":"publish","type":"page","link":"https:\/\/www.trenerskestaze.cz\/?page_id=49","title":{"rendered":"RB Lipsko"},"content":{"rendered":"\n<div class=\"wp-block-image\"><figure class=\"alignleft size-large is-resized\"><img src=\"https:\/\/upload.wikimedia.org\/wikipedia\/en\/thumb\/0\/04\/RB_Leipzig_2014_logo.svg\/1200px-RB_Leipzig_2014_logo.svg.png\" alt=\"\" width=\"150\"\/><\/figure><\/div>\n\n\n\n<p><strong>RB Leipzig<\/strong>, neboli&nbsp;<strong>Lipsko<\/strong>,&nbsp;je jeden z&nbsp;<strong>nejnov\u011bj\u0161\u00edch t\u00fdm\u016f<\/strong>. Klub byl zalo\u017een&nbsp;<strong>19. kv\u011btna<\/strong>&nbsp;<strong>2009<\/strong>.<\/p>\n\n\n\n<p>Klub spad\u00e1 pod firmu&nbsp;<strong>RedBull<\/strong>, kter\u00e1 m\u00e1 pod sebou dal\u0161\u00ed t\u00fdmy jako&nbsp;<strong>FC Red Bull Salzburg, New York Red Bulls&nbsp;<\/strong>a<strong>&nbsp;Red Bulls Brasil<\/strong>. N\u011bmeck\u00fd fotbalov\u00fd svaz v\u0161ak nedovolil, aby klub m\u011bl v n\u00e1zvu jm\u00e9no firmy, proto vznikl n\u00e1zev&nbsp;<strong>RasenBallsport Leipzig.<\/strong><\/p>\n\n\n\n<p>Klub za\u010d\u00ednal v&nbsp;<strong>5. nejvy\u0161\u0161\u00ed n\u011bmeck\u00e9 lize<\/strong>&nbsp;a \u00fa\u017easn\u011b rychle se dostal do&nbsp;<strong>Bundesligy<\/strong>. Do t\u00e9&nbsp;postoupil u\u017e v sez\u00f3n\u011b&nbsp;<strong>2016\/2017<\/strong>. Hned p\u0159i sv\u00e9m debutu skon\u010dil na neuv\u011b\u0159iteln\u00e9m&nbsp;<strong>2. m\u00edst\u011b.&nbsp;<\/strong>V&nbsp;<strong>Bundeslize<\/strong>&nbsp;se i nad\u00e1le dr\u017e\u00ed na horn\u00edch p\u0159\u00ed\u010dk\u00e1ch.<\/p>\n\n\n\n<p>Pod veden\u00edm\u00a0<strong>Juliana Nagelsmanna<\/strong>, kter\u00fd se do\u00a0<strong>Lipska<\/strong>\u00a0p\u0159esunul roku\u00a0<strong>2019<\/strong>, se &#8222;<strong>b\u00fdk\u016fm<\/strong>&#8220;\u00a0poda\u0159ilo v leto\u0161n\u00edm ro\u010dn\u00edku dos\u00e1hnout na\u00a0<strong>3. m\u00edsto<\/strong>\u00a0v\u00a0<strong>Bundeslize<\/strong>\u00a0a v\u00a0<strong>Lize\u00a0Mistr\u016f<\/strong>\u00a0postoupit p\u0159es\u00a0<strong>Tottenham<\/strong>\u00a0a Atletico Madrid a\u017e do\u00a0<strong>semifin\u00e1le<\/strong>. Velkou z\u00e1sluhu na tom m\u011bl tak\u00e9\u00a0<strong>Timo Werner<\/strong>, kter\u00fd se v\u00a0<strong>Lipsku<\/strong>\u00a0dopracoval na jednoho z nejlep\u0161\u00edch \u00fato\u010dn\u00edk\u016f, co\u017e mu tak\u00e9 p\u0159ineslo p\u0159estup do\u00a0<strong>Chelsea<\/strong>\u00a0za \u010d\u00e1stku\u00a0<strong>53 milion\u016f eur<\/strong>, co\u017e z n\u011bho ud\u011blalo\u00a0<strong>nejdra\u017e\u0161\u00edho n\u011bmeck\u00e9ho hr\u00e1\u010de v historii<\/strong>. Svou z\u00e1sluhu na tom tak\u00e9 m\u00e1 \u010desk\u00fd \u00fato\u010dn\u00edk\u00a0<strong>Patrik Schick<\/strong>, kter\u00fd je v\u00a0<strong>Lipsku<\/strong>\u00a0na hostov\u00e1n\u00ed z\u00a0<strong>AS \u0158\u00edm<\/strong>.<\/p>\n\n\n\n<p>Na to&nbsp;jak mlad\u00fd klub&nbsp;<strong>Lipsko<\/strong>&nbsp;je, tak u\u017e m\u00e1 za sebou velik\u00e9 \u00fasp\u011bchy. M\u016f\u017eeme jen doufat, \u017ee si takovou faz\u00f3nu udr\u017e\u00ed co nejd\u00e9le, a \u017ee v&nbsp;<strong>N\u011bmecku<\/strong>&nbsp;se m\u016f\u017eeme t\u011b\u0161it na velk\u00e9 bitvy o titul.<\/p>\n\n\n\n<p><strong>Lipsko<\/strong>&nbsp;hraje sv\u00e9 dom\u00e1c\u00ed z\u00e1pasy v n\u00e1dhern\u00e9&nbsp;<strong>Red Bull Ar\u00e9n\u011b<\/strong>, kter\u00e1 pojme necel\u00fdch 43 tis\u00edc div\u00e1k\u016f.<\/p>\n\n\n\n<p>Mezi nejzn\u00e1m\u011bj\u0161\u00ed hr\u00e1\u010de pat\u0159\u00ed:&nbsp;<strong>Yussuf Poulsen, Marcel Sabitzer, Emil Forsberg&nbsp;<\/strong>a<strong>&nbsp;Timo Werner<\/strong>.<\/p>\n\n\n\n<p>Jedin\u00fdm&nbsp;<strong>\u010dechem<\/strong>, kter\u00fd si za&nbsp;<strong>Lipsko<\/strong>&nbsp;zahr\u00e1l je&nbsp;<strong>Patrik Schick<\/strong>.<\/p>\n\n\n\n<h2>AKADEMIE RB LIPSKO<\/h2>\n\n\n\n<p>N\u00e1zev akademie: RBL-FUSSBALL-AKADEMIE &#8211; RB-Training Center Cottaweg<\/p>\n\n\n\n<p>Otev\u0159en\u00ed v roce (cena): z\u00e1\u0159\u00ed 2015<\/p>\n\n\n\n<p>Po\u010det h\u0159i\u0161\u0165: 6 (4 travnat\u00e9 a 2 s um\u011blou tr\u00e1vou)<\/p>\n\n\n\n<p>Dal\u0161\u00ed z\u00e1zem\u00ed: <\/p>\n\n\n\n<p>Z\u00e1zem\u00ed v budov\u011b: ubytovac\u00ed prostory, \u0161atny, \u0161kol\u00edc\u00ed m\u00edstnosti, konferen\u010dn\u00ed prostory, posilovna, fyzioterapie, regenerace, sauny, baz\u00e9ny, j\u00eddelna, podzemn\u00ed parkovi\u0161t\u011b<\/p>\n\n\n\n<p>V\u00fdznamn\u00ed odchovanci:<\/p>\n\n\n\n<div class=\"wp-block-columns\">\n<div class=\"wp-block-column\">\n<figure class=\"wp-block-image size-large\"><img loading=\"lazy\" width=\"800\" height=\"600\" src=\"https:\/\/www.trenerskestaze.cz\/wp-content\/uploads\/2020\/10\/RB-Leipzig-academy_1.jpg\" alt=\"\" class=\"wp-image-128\" srcset=\"https:\/\/www.trenerskestaze.cz\/wp-content\/uploads\/2020\/10\/RB-Leipzig-academy_1.jpg 800w, https:\/\/www.trenerskestaze.cz\/wp-content\/uploads\/2020\/10\/RB-Leipzig-academy_1-300x225.jpg 300w, https:\/\/www.trenerskestaze.cz\/wp-content\/uploads\/2020\/10\/RB-Leipzig-academy_1-768x576.jpg 768w\" sizes=\"(max-width: 800px) 100vw, 800px\" \/><\/figure>\n<\/div>\n\n\n\n<div class=\"wp-block-column\">\n<figure class=\"wp-block-image size-large\"><img loading=\"lazy\" width=\"800\" height=\"600\" src=\"https:\/\/www.trenerskestaze.cz\/wp-content\/uploads\/2020\/10\/RB-Leipzig-academy_2.jpg\" alt=\"\" class=\"wp-image-129\" srcset=\"https:\/\/www.trenerskestaze.cz\/wp-content\/uploads\/2020\/10\/RB-Leipzig-academy_2.jpg 800w, https:\/\/www.trenerskestaze.cz\/wp-content\/uploads\/2020\/10\/RB-Leipzig-academy_2-300x225.jpg 300w, https:\/\/www.trenerskestaze.cz\/wp-content\/uploads\/2020\/10\/RB-Leipzig-academy_2-768x576.jpg 768w\" sizes=\"(max-width: 800px) 100vw, 800px\" \/><\/figure>\n<\/div>\n<\/div>\n\n\n\n<div class=\"wp-block-columns\">\n<div class=\"wp-block-column\">\n<figure class=\"wp-block-image size-large\"><img loading=\"lazy\" width=\"800\" height=\"600\" src=\"https:\/\/www.trenerskestaze.cz\/wp-content\/uploads\/2020\/10\/RB-Leipzig-academy_3.jpg\" alt=\"\" class=\"wp-image-131\" srcset=\"https:\/\/www.trenerskestaze.cz\/wp-content\/uploads\/2020\/10\/RB-Leipzig-academy_3.jpg 800w, https:\/\/www.trenerskestaze.cz\/wp-content\/uploads\/2020\/10\/RB-Leipzig-academy_3-300x225.jpg 300w, https:\/\/www.trenerskestaze.cz\/wp-content\/uploads\/2020\/10\/RB-Leipzig-academy_3-768x576.jpg 768w\" sizes=\"(max-width: 800px) 100vw, 800px\" \/><\/figure>\n<\/div>\n\n\n\n<div class=\"wp-block-column\">\n<figure class=\"wp-block-image size-large\"><img loading=\"lazy\" width=\"800\" height=\"600\" src=\"https:\/\/www.trenerskestaze.cz\/wp-content\/uploads\/2020\/10\/RB-Leipzig-academy_4.jpg\" alt=\"\" class=\"wp-image-134\" srcset=\"https:\/\/www.trenerskestaze.cz\/wp-content\/uploads\/2020\/10\/RB-Leipzig-academy_4.jpg 800w, https:\/\/www.trenerskestaze.cz\/wp-content\/uploads\/2020\/10\/RB-Leipzig-academy_4-300x225.jpg 300w, https:\/\/www.trenerskestaze.cz\/wp-content\/uploads\/2020\/10\/RB-Leipzig-academy_4-768x576.jpg 768w\" sizes=\"(max-width: 800px) 100vw, 800px\" \/><\/figure>\n<\/div>\n<\/div>\n","protected":false},"excerpt":{"rendered":"<p>RB Leipzig, neboli&nbsp;Lipsko,&nbsp;je jeden z&nbsp;nejnov\u011bj\u0161\u00edch t\u00fdm\u016f. Klub byl zalo\u017een&nbsp;19. kv\u011btna&nbsp;2009. Klub spad\u00e1 pod firmu&nbsp;RedBull, kter\u00e1 m\u00e1 pod sebou dal\u0161\u00ed t\u00fdmy jako&nbsp;FC Red Bull Salzburg, New York Red Bulls&nbsp;a&nbsp;Red Bulls Brasil. N\u011bmeck\u00fd fotbalov\u00fd svaz v\u0161ak nedovolil, aby klub m\u011bl v n\u00e1zvu jm\u00e9no firmy, proto vznikl n\u00e1zev&nbsp;RasenBallsport Leipzig. Klub za\u010d\u00ednal v&nbsp;5. nejvy\u0161\u0161\u00ed n\u011bmeck\u00e9 lize&nbsp;a \u00fa\u017easn\u011b rychle se &hellip; <\/p>\n<p class=\"link-more\"><a href=\"https:\/\/www.trenerskestaze.cz\/?page_id=49\" class=\"more-link\">Read More<span class=\"screen-reader-text\"> &#8222;RB Lipsko&#8220;<\/span><\/a><\/p>\n","protected":false},"author":1,"featured_media":0,"parent":0,"menu_order":0,"comment_status":"closed","ping_status":"closed","template":"","meta":[],"_links":{"self":[{"href":"https:\/\/www.trenerskestaze.cz\/index.php?rest_route=\/wp\/v2\/pages\/49"}],"collection":[{"href":"https:\/\/www.trenerskestaze.cz\/index.php?rest_route=\/wp\/v2\/pages"}],"about":[{"href":"https:\/\/www.trenerskestaze.cz\/index.php?rest_route=\/wp\/v2\/types\/page"}],"author":[{"embeddable":true,"href":"https:\/\/www.trenerskestaze.cz\/index.php?rest_route=\/wp\/v2\/users\/1"}],"replies":[{"embeddable":true,"href":"https:\/\/www.trenerskestaze.cz\/index.php?rest_route=%2Fwp%2Fv2%2Fcomments&post=49"}],"version-history":[{"count":15,"href":"https:\/\/www.trenerskestaze.cz\/index.php?rest_route=\/wp\/v2\/pages\/49\/revisions"}],"predecessor-version":[{"id":202,"href":"https:\/\/www.trenerskestaze.cz\/index.php?rest_route=\/wp\/v2\/pages\/49\/revisions\/202"}],"wp:attachment":[{"href":"https:\/\/www.trenerskestaze.cz\/index.php?rest_route=%2Fwp%2Fv2%2Fmedia&parent=49"}],"curies":[{"name":"wp","href":"https:\/\/api.w.org\/{rel}","templated":true}]}}