{"id":41,"date":"2020-10-16T09:01:11","date_gmt":"2020-10-16T07:01:11","guid":{"rendered":"https:\/\/www.trenerskestaze.cz\/?page_id=41"},"modified":"2020-10-19T10:08:07","modified_gmt":"2020-10-19T08:08:07","slug":"hellas-verona-fc","status":"publish","type":"page","link":"https:\/\/www.trenerskestaze.cz\/?page_id=41","title":{"rendered":"Hellas Verona FC"},"content":{"rendered":"\n<div class=\"wp-block-image\"><figure class=\"alignleft size-large is-resized\"><img src=\"https:\/\/upload.wikimedia.org\/wikipedia\/commons\/2\/23\/Fichier-_Logo_Hellas_Verona_FC_%282020%29_.png\" alt=\"\" width=\"150\"\/><\/figure><\/div>\n\n\n\n<p><strong>Hellas Verona FC<\/strong> je italsk\u00fd fotbalov\u00fd klub s\u00eddl\u00edc\u00ed ve Veron\u011b v Ben\u00e1tsku. Klub byl zalo\u017een <strong>v \u0159\u00edjnu roku 1903<\/strong>. Do nejvy\u0161\u0161\u00ed sout\u011b\u017ee klub nakoukl ji\u017e v sezon\u011b 1910\/11. Verona od t\u00e9 doby dlouho pendlovala mezi prvn\u00ed a druhou nejvy\u0161\u0161\u00ed sout\u011b\u017e\u00ed. Evropsk\u00fd poh\u00e1r si zahr\u00e1li poprv\u00e9 v sezon\u011b 1969\/1970, kdy vypadli v osmifin\u00e1le St\u0159edoevropsk\u00e9ho poh\u00e1ru na Slavii v\u00fdsledkem 7:1. Nejlep\u0161\u00ed obdob\u00ed v historii klubu nastalo v letech 1983-1989. <strong>Fin\u00e1le italsk\u00e9ho poh\u00e1ru<\/strong>, boje o \u0161pi\u010dku tabulky, v\u0161e vyvrcholilo <strong>ziskem mistrovsk\u00e9ho titulu v sezon\u011b 1984\/1985<\/strong>. N\u00e1sledovalo je\u0161t\u011b \u010dtvrtfin\u00e1le poh\u00e1ru UEFA, ale po v\u00fdprodeji hr\u00e1\u010d\u016f dal\u0161\u00ed sestup. Do Serie A se Hellas Verona vr\u00e1tila naposledy v sezon\u011b 2018\/2019 a naposledy se um\u00edstila na skv\u011bl\u00e9m 9.m\u00edst\u011b. Hellas Verona hraje sv\u00e1 dom\u00e1c\u00ed utk\u00e1n\u00ed na <strong>stadionu Marc&#8217;Antonio Bentegodi<\/strong> s celkovou kapacitou bezm\u00e1la 40 000 div\u00e1k\u016f. O stadion se d\u011bl\u00ed je\u0161t\u011b s klubem Chievo Verona. Jedin\u00fdm \u010desk\u00fdm fotbalistou obl\u00e9kaj\u00edc\u00edm dres Verony je reprezentant <strong>Anton\u00edn Bar\u00e1k mlad\u0161\u00ed.<\/strong><\/p>\n","protected":false},"excerpt":{"rendered":"<p>Hellas Verona FC je italsk\u00fd fotbalov\u00fd klub s\u00eddl\u00edc\u00ed ve Veron\u011b v Ben\u00e1tsku. Klub byl zalo\u017een v \u0159\u00edjnu roku 1903. Do nejvy\u0161\u0161\u00ed sout\u011b\u017ee klub nakoukl ji\u017e v sezon\u011b 1910\/11. Verona od t\u00e9 doby dlouho pendlovala mezi prvn\u00ed a druhou nejvy\u0161\u0161\u00ed sout\u011b\u017e\u00ed. Evropsk\u00fd poh\u00e1r si zahr\u00e1li poprv\u00e9 v sezon\u011b 1969\/1970, kdy vypadli v osmifin\u00e1le St\u0159edoevropsk\u00e9ho poh\u00e1ru na &hellip; <\/p>\n<p class=\"link-more\"><a href=\"https:\/\/www.trenerskestaze.cz\/?page_id=41\" class=\"more-link\">Read More<span class=\"screen-reader-text\"> &#8222;Hellas Verona FC&#8220;<\/span><\/a><\/p>\n","protected":false},"author":1,"featured_media":0,"parent":0,"menu_order":0,"comment_status":"closed","ping_status":"closed","template":"","meta":[],"_links":{"self":[{"href":"https:\/\/www.trenerskestaze.cz\/index.php?rest_route=\/wp\/v2\/pages\/41"}],"collection":[{"href":"https:\/\/www.trenerskestaze.cz\/index.php?rest_route=\/wp\/v2\/pages"}],"about":[{"href":"https:\/\/www.trenerskestaze.cz\/index.php?rest_route=\/wp\/v2\/types\/page"}],"author":[{"embeddable":true,"href":"https:\/\/www.trenerskestaze.cz\/index.php?rest_route=\/wp\/v2\/users\/1"}],"replies":[{"embeddable":true,"href":"https:\/\/www.trenerskestaze.cz\/index.php?rest_route=%2Fwp%2Fv2%2Fcomments&post=41"}],"version-history":[{"count":7,"href":"https:\/\/www.trenerskestaze.cz\/index.php?rest_route=\/wp\/v2\/pages\/41\/revisions"}],"predecessor-version":[{"id":184,"href":"https:\/\/www.trenerskestaze.cz\/index.php?rest_route=\/wp\/v2\/pages\/41\/revisions\/184"}],"wp:attachment":[{"href":"https:\/\/www.trenerskestaze.cz\/index.php?rest_route=%2Fwp%2Fv2%2Fmedia&parent=41"}],"curies":[{"name":"wp","href":"https:\/\/api.w.org\/{rel}","templated":true}]}}